{"id":159,"date":"2025-10-23T14:16:30","date_gmt":"2025-10-23T12:16:30","guid":{"rendered":"https:\/\/jansajdak.pl\/index.php\/works\/"},"modified":"2026-02-19T14:55:06","modified_gmt":"2026-02-19T13:55:06","slug":"works","status":"publish","type":"page","link":"https:\/\/jansajdak.pl\/","title":{"rendered":"Jan Sajdak &#8211; rze\u017abiarz"},"content":{"rendered":"\t\t<div data-elementor-type=\"wp-page\" data-elementor-id=\"159\" class=\"elementor elementor-159\" data-elementor-post-type=\"page\">\n\t\t\t\t<div class=\"elementor-element elementor-element-2a724ef3 e-con-full e-flex e-con e-parent\" data-id=\"2a724ef3\" data-element_type=\"container\" data-settings=\"{&quot;background_background&quot;:&quot;classic&quot;}\">\n\t\t<div class=\"elementor-element elementor-element-37278401 e-con-full e-flex e-con e-child\" data-id=\"37278401\" data-element_type=\"container\">\n\t\t\t\t<div class=\"elementor-element elementor-element-7a03c6d8 elementor-view-framed elementor-shape-circle elementor-widget elementor-widget-icon\" data-id=\"7a03c6d8\" data-element_type=\"widget\" data-widget_type=\"icon.default\">\n\t\t\t\t<div class=\"elementor-widget-container\">\n\t\t\t\t\t\t\t<div class=\"elementor-icon-wrapper\">\n\t\t\t<a class=\"elementor-icon elementor-animation-shrink\" href=\"#next\">\n\t\t\t<svg xmlns=\"http:\/\/www.w3.org\/2000\/svg\" id=\"afa01258-5fdc-4e2a-84c3-52c21a777b3e\" data-name=\"Layer 1\" width=\"9.1074\" height=\"16.0991\" viewBox=\"0 0 9.1074 16.0991\"><polygon points=\"8.188 10.626 5.191 13.624 5.191 0 3.891 0 3.891 13.599 0.919 10.626 0 11.546 4.554 16.099 9.107 11.546 8.188 10.626\"><\/polygon><\/svg>\t\t\t<\/a>\n\t\t<\/div>\n\t\t\t\t\t\t<\/div>\n\t\t\t\t<\/div>\n\t\t\t\t<div class=\"elementor-element elementor-element-17584ce elementor-widget elementor-widget-heading\" data-id=\"17584ce\" data-element_type=\"widget\" data-settings=\"{&quot;motion_fx_motion_fx_scrolling&quot;:&quot;yes&quot;,&quot;motion_fx_translateY_effect&quot;:&quot;yes&quot;,&quot;motion_fx_translateY_direction&quot;:&quot;negative&quot;,&quot;motion_fx_translateY_affectedRange&quot;:{&quot;unit&quot;:&quot;%&quot;,&quot;size&quot;:&quot;&quot;,&quot;sizes&quot;:{&quot;start&quot;:50,&quot;end&quot;:100}},&quot;motion_fx_devices&quot;:[&quot;desktop&quot;,&quot;tablet&quot;],&quot;motion_fx_translateY_speed&quot;:{&quot;unit&quot;:&quot;px&quot;,&quot;size&quot;:4,&quot;sizes&quot;:[]}}\" data-widget_type=\"heading.default\">\n\t\t\t\t<div class=\"elementor-widget-container\">\n\t\t\t\t\t<h1 class=\"elementor-heading-title elementor-size-default\">Jan Sajdak<\/h1>\t\t\t\t<\/div>\n\t\t\t\t<\/div>\n\t\t\t\t<\/div>\n\t\t<div class=\"elementor-element elementor-element-413bd3cb e-con-full e-flex e-con e-child\" data-id=\"413bd3cb\" data-element_type=\"container\">\n\t\t\t\t<div class=\"elementor-element elementor-element-674a71d3 elementor-icon-list--layout-traditional elementor-list-item-link-full_width elementor-widget elementor-widget-icon-list\" data-id=\"674a71d3\" data-element_type=\"widget\" data-widget_type=\"icon-list.default\">\n\t\t\t\t<div class=\"elementor-widget-container\">\n\t\t\t\t\t\t\t<ul class=\"elementor-icon-list-items\">\n\t\t\t\t\t\t\t<li class=\"elementor-icon-list-item\">\n\t\t\t\t\t\t\t\t\t\t\t<a href=\"https:\/\/jansajdak.pl\/index.php\/wierzba\/\">\n\n\t\t\t\t\t\t\t\t\t\t\t\t<span class=\"elementor-icon-list-icon\">\n\t\t\t\t\t\t\t<svg xmlns=\"http:\/\/www.w3.org\/2000\/svg\" id=\"e36ffd47-1d77-4f27-ad31-c238e7c661ff\" data-name=\"Layer 1\" width=\"17.3457\" height=\"17.3467\" viewBox=\"0 0 17.3457 17.3467\"><polygon points=\"0 0 0 2.7 12.715 2.7 0.041 15.393 1.951 17.301 14.646 4.587 14.646 17.347 17.346 17.347 17.346 0 0 0\"><\/polygon><\/svg>\t\t\t\t\t\t<\/span>\n\t\t\t\t\t\t\t\t\t\t<span class=\"elementor-icon-list-text\">Wierzba<\/span>\n\t\t\t\t\t\t\t\t\t\t\t<\/a>\n\t\t\t\t\t\t\t\t\t<\/li>\n\t\t\t\t\t\t\t\t<li class=\"elementor-icon-list-item\">\n\t\t\t\t\t\t\t\t\t\t\t<a href=\"https:\/\/jansajdak.pl\/index.php\/twarze-lasu\/\">\n\n\t\t\t\t\t\t\t\t\t\t\t\t<span class=\"elementor-icon-list-icon\">\n\t\t\t\t\t\t\t<svg xmlns=\"http:\/\/www.w3.org\/2000\/svg\" id=\"e36ffd47-1d77-4f27-ad31-c238e7c661ff\" data-name=\"Layer 1\" width=\"17.3457\" height=\"17.3467\" viewBox=\"0 0 17.3457 17.3467\"><polygon points=\"0 0 0 2.7 12.715 2.7 0.041 15.393 1.951 17.301 14.646 4.587 14.646 17.347 17.346 17.347 17.346 0 0 0\"><\/polygon><\/svg>\t\t\t\t\t\t<\/span>\n\t\t\t\t\t\t\t\t\t\t<span class=\"elementor-icon-list-text\">Twarze lasu<\/span>\n\t\t\t\t\t\t\t\t\t\t\t<\/a>\n\t\t\t\t\t\t\t\t\t<\/li>\n\t\t\t\t\t\t\t\t<li class=\"elementor-icon-list-item\">\n\t\t\t\t\t\t\t\t\t\t\t<a href=\"https:\/\/jansajdak.pl\/index.php\/camels\/\">\n\n\t\t\t\t\t\t\t\t\t\t\t\t<span class=\"elementor-icon-list-icon\">\n\t\t\t\t\t\t\t<svg xmlns=\"http:\/\/www.w3.org\/2000\/svg\" id=\"e36ffd47-1d77-4f27-ad31-c238e7c661ff\" data-name=\"Layer 1\" width=\"17.3457\" height=\"17.3467\" viewBox=\"0 0 17.3457 17.3467\"><polygon points=\"0 0 0 2.7 12.715 2.7 0.041 15.393 1.951 17.301 14.646 4.587 14.646 17.347 17.346 17.347 17.346 0 0 0\"><\/polygon><\/svg>\t\t\t\t\t\t<\/span>\n\t\t\t\t\t\t\t\t\t\t<span class=\"elementor-icon-list-text\">Camels<\/span>\n\t\t\t\t\t\t\t\t\t\t\t<\/a>\n\t\t\t\t\t\t\t\t\t<\/li>\n\t\t\t\t\t\t\t\t<li class=\"elementor-icon-list-item\">\n\t\t\t\t\t\t\t\t\t\t\t<a href=\"https:\/\/jansajdak.pl\/index.php\/kolonia\/\">\n\n\t\t\t\t\t\t\t\t\t\t\t\t<span class=\"elementor-icon-list-icon\">\n\t\t\t\t\t\t\t<svg xmlns=\"http:\/\/www.w3.org\/2000\/svg\" id=\"e36ffd47-1d77-4f27-ad31-c238e7c661ff\" data-name=\"Layer 1\" width=\"17.3457\" height=\"17.3467\" viewBox=\"0 0 17.3457 17.3467\"><polygon points=\"0 0 0 2.7 12.715 2.7 0.041 15.393 1.951 17.301 14.646 4.587 14.646 17.347 17.346 17.347 17.346 0 0 0\"><\/polygon><\/svg>\t\t\t\t\t\t<\/span>\n\t\t\t\t\t\t\t\t\t\t<span class=\"elementor-icon-list-text\">Kolonia<\/span>\n\t\t\t\t\t\t\t\t\t\t\t<\/a>\n\t\t\t\t\t\t\t\t\t<\/li>\n\t\t\t\t\t\t<\/ul>\n\t\t\t\t\t\t<\/div>\n\t\t\t\t<\/div>\n\t\t\t\t<div class=\"elementor-element elementor-element-655f71be elementor-widget elementor-widget-text-editor\" data-id=\"655f71be\" data-element_type=\"widget\" data-widget_type=\"text-editor.default\">\n\t\t\t\t<div class=\"elementor-widget-container\">\n\t\t\t\t\t\t\t\t\t<p>Na tej stronie prezentuj\u0119 swoje prace. Strona jest w trakcie konstrukcji, wi\u0119c mo\u017cna zobaczy\u0107 tylko kilka spo\u015br\u00f3d moich projekt\u00f3w, z czasem b\u0119d\u0119 j\u0105 rozbudowywa\u0142. Na zdj\u0119ciu &#8222;Wyprawa na lataj\u0105ce ryby&#8221; z 2024 roku, kompozycja w przestrzeni parkowej Centrum Rze\u017aby Polskiej w Oro\u0144sku.<\/p>\t\t\t\t\t\t\t\t<\/div>\n\t\t\t\t<\/div>\n\t\t\t\t<\/div>\n\t\t\t\t<\/div>\n\t\t<div class=\"elementor-element elementor-element-3fa2efc3 e-con-full e-flex e-con e-parent\" data-id=\"3fa2efc3\" data-element_type=\"container\" id=\"next\" data-settings=\"{&quot;background_background&quot;:&quot;classic&quot;}\">\n\t\t<div class=\"elementor-element elementor-element-56b84712 e-con-full e-flex e-con e-child\" data-id=\"56b84712\" data-element_type=\"container\">\n\t\t\t\t<div class=\"elementor-element elementor-element-5e6f011a elementor-widget elementor-widget-heading\" data-id=\"5e6f011a\" data-element_type=\"widget\" data-settings=\"{&quot;motion_fx_motion_fx_scrolling&quot;:&quot;yes&quot;,&quot;motion_fx_translateY_effect&quot;:&quot;yes&quot;,&quot;motion_fx_translateY_direction&quot;:&quot;negative&quot;,&quot;motion_fx_translateY_affectedRange&quot;:{&quot;unit&quot;:&quot;%&quot;,&quot;size&quot;:&quot;&quot;,&quot;sizes&quot;:{&quot;start&quot;:50,&quot;end&quot;:100}},&quot;motion_fx_devices&quot;:[&quot;desktop&quot;,&quot;tablet&quot;],&quot;motion_fx_translateY_speed&quot;:{&quot;unit&quot;:&quot;px&quot;,&quot;size&quot;:4,&quot;sizes&quot;:[]}}\" data-widget_type=\"heading.default\">\n\t\t\t\t<div class=\"elementor-widget-container\">\n\t\t\t\t\t<h2 class=\"elementor-heading-title elementor-size-default\">Wierzba<\/h2>\t\t\t\t<\/div>\n\t\t\t\t<\/div>\n\t\t\t\t<\/div>\n\t\t<div class=\"elementor-element elementor-element-479478c8 e-con-full e-flex e-con e-child\" data-id=\"479478c8\" data-element_type=\"container\">\n\t\t\t\t<div class=\"elementor-element elementor-element-4ae05c2b elementor-widget elementor-widget-text-editor\" data-id=\"4ae05c2b\" data-element_type=\"widget\" data-widget_type=\"text-editor.default\">\n\t\t\t\t<div class=\"elementor-widget-container\">\n\t\t\t\t\t\t\t\t\t<p>Wierzbowa \u015awi\u0105tynia. Kolejne \u017cycie starego drzewa w Parku Fosa i Stoki Cytadeli w Warszawie.<\/p>\t\t\t\t\t\t\t\t<\/div>\n\t\t\t\t<\/div>\n\t\t\t\t<div class=\"elementor-element elementor-element-75a95ae2 elementor-widget elementor-widget-button\" data-id=\"75a95ae2\" data-element_type=\"widget\" data-widget_type=\"button.default\">\n\t\t\t\t<div class=\"elementor-widget-container\">\n\t\t\t\t\t\t\t\t\t<div class=\"elementor-button-wrapper\">\n\t\t\t\t\t<a class=\"elementor-button elementor-button-link elementor-size-sm elementor-animation-float\" href=\"https:\/\/jansajdak.pl\/index.php\/wierzba\/\">\n\t\t\t\t\t\t<span class=\"elementor-button-content-wrapper\">\n\t\t\t\t\t\t<span class=\"elementor-button-icon\">\n\t\t\t\t<svg xmlns=\"http:\/\/www.w3.org\/2000\/svg\" id=\"e36ffd47-1d77-4f27-ad31-c238e7c661ff\" data-name=\"Layer 1\" width=\"17.3457\" height=\"17.3467\" viewBox=\"0 0 17.3457 17.3467\"><polygon points=\"0 0 0 2.7 12.715 2.7 0.041 15.393 1.951 17.301 14.646 4.587 14.646 17.347 17.346 17.347 17.346 0 0 0\"><\/polygon><\/svg>\t\t\t<\/span>\n\t\t\t\t\t\t\t\t\t<span class=\"elementor-button-text\">Sprawd\u017a<\/span>\n\t\t\t\t\t<\/span>\n\t\t\t\t\t<\/a>\n\t\t\t\t<\/div>\n\t\t\t\t\t\t\t\t<\/div>\n\t\t\t\t<\/div>\n\t\t\t\t<\/div>\n\t\t\t\t<\/div>\n\t\t<div class=\"elementor-element elementor-element-587a6888 e-con-full e-flex e-con e-parent\" data-id=\"587a6888\" data-element_type=\"container\" data-settings=\"{&quot;background_background&quot;:&quot;classic&quot;}\">\n\t\t<div class=\"elementor-element elementor-element-36ba8587 e-con-full e-flex e-con e-child\" data-id=\"36ba8587\" data-element_type=\"container\">\n\t\t\t\t<div class=\"elementor-element elementor-element-51da0fea elementor-widget elementor-widget-heading\" data-id=\"51da0fea\" data-element_type=\"widget\" data-settings=\"{&quot;motion_fx_motion_fx_scrolling&quot;:&quot;yes&quot;,&quot;motion_fx_translateY_effect&quot;:&quot;yes&quot;,&quot;motion_fx_translateY_direction&quot;:&quot;negative&quot;,&quot;motion_fx_translateY_affectedRange&quot;:{&quot;unit&quot;:&quot;%&quot;,&quot;size&quot;:&quot;&quot;,&quot;sizes&quot;:{&quot;start&quot;:50,&quot;end&quot;:100}},&quot;motion_fx_devices&quot;:[&quot;desktop&quot;,&quot;tablet&quot;],&quot;motion_fx_translateY_speed&quot;:{&quot;unit&quot;:&quot;px&quot;,&quot;size&quot;:4,&quot;sizes&quot;:[]}}\" data-widget_type=\"heading.default\">\n\t\t\t\t<div class=\"elementor-widget-container\">\n\t\t\t\t\t<h2 class=\"elementor-heading-title elementor-size-default\">Twarze lasu<\/h2>\t\t\t\t<\/div>\n\t\t\t\t<\/div>\n\t\t\t\t<\/div>\n\t\t<div class=\"elementor-element elementor-element-4e7474f1 e-con-full e-flex e-con e-child\" data-id=\"4e7474f1\" data-element_type=\"container\">\n\t\t\t\t<div class=\"elementor-element elementor-element-2c4846e7 elementor-widget elementor-widget-text-editor\" data-id=\"2c4846e7\" data-element_type=\"widget\" data-widget_type=\"text-editor.default\">\n\t\t\t\t<div class=\"elementor-widget-container\">\n\t\t\t\t\t\t\t\t\t<p>D\u0119bowe ga\u0142\u0119zie i akrylowe maski w lesie Armenii. Las zyskuje twarz, by przypomnie\u0107 o potrzebie szacunku dla natury.<\/p>\t\t\t\t\t\t\t\t<\/div>\n\t\t\t\t<\/div>\n\t\t\t\t<div class=\"elementor-element elementor-element-2b55e3f8 elementor-widget elementor-widget-button\" data-id=\"2b55e3f8\" data-element_type=\"widget\" data-widget_type=\"button.default\">\n\t\t\t\t<div class=\"elementor-widget-container\">\n\t\t\t\t\t\t\t\t\t<div class=\"elementor-button-wrapper\">\n\t\t\t\t\t<a class=\"elementor-button elementor-button-link elementor-size-sm elementor-animation-float\" href=\"https:\/\/jansajdak.pl\/index.php\/twarze-lasu\/\">\n\t\t\t\t\t\t<span class=\"elementor-button-content-wrapper\">\n\t\t\t\t\t\t<span class=\"elementor-button-icon\">\n\t\t\t\t<svg xmlns=\"http:\/\/www.w3.org\/2000\/svg\" id=\"e36ffd47-1d77-4f27-ad31-c238e7c661ff\" data-name=\"Layer 1\" width=\"17.3457\" height=\"17.3467\" viewBox=\"0 0 17.3457 17.3467\"><polygon points=\"0 0 0 2.7 12.715 2.7 0.041 15.393 1.951 17.301 14.646 4.587 14.646 17.347 17.346 17.347 17.346 0 0 0\"><\/polygon><\/svg>\t\t\t<\/span>\n\t\t\t\t\t\t\t\t\t<span class=\"elementor-button-text\">Sprawd\u017a<\/span>\n\t\t\t\t\t<\/span>\n\t\t\t\t\t<\/a>\n\t\t\t\t<\/div>\n\t\t\t\t\t\t\t\t<\/div>\n\t\t\t\t<\/div>\n\t\t\t\t<\/div>\n\t\t\t\t<\/div>\n\t\t<div class=\"elementor-element elementor-element-3b7d9f02 e-con-full e-flex e-con e-parent\" data-id=\"3b7d9f02\" data-element_type=\"container\" data-settings=\"{&quot;background_background&quot;:&quot;classic&quot;}\">\n\t\t<div class=\"elementor-element elementor-element-2ace0fc2 e-con-full e-flex e-con e-child\" data-id=\"2ace0fc2\" data-element_type=\"container\">\n\t\t\t\t<div class=\"elementor-element elementor-element-7fca3851 elementor-widget elementor-widget-heading\" data-id=\"7fca3851\" data-element_type=\"widget\" data-settings=\"{&quot;motion_fx_motion_fx_scrolling&quot;:&quot;yes&quot;,&quot;motion_fx_translateY_effect&quot;:&quot;yes&quot;,&quot;motion_fx_translateY_direction&quot;:&quot;negative&quot;,&quot;motion_fx_translateY_affectedRange&quot;:{&quot;unit&quot;:&quot;%&quot;,&quot;size&quot;:&quot;&quot;,&quot;sizes&quot;:{&quot;start&quot;:50,&quot;end&quot;:100}},&quot;motion_fx_devices&quot;:[&quot;desktop&quot;,&quot;tablet&quot;],&quot;motion_fx_translateY_speed&quot;:{&quot;unit&quot;:&quot;px&quot;,&quot;size&quot;:4,&quot;sizes&quot;:[]}}\" data-widget_type=\"heading.default\">\n\t\t\t\t<div class=\"elementor-widget-container\">\n\t\t\t\t\t<h2 class=\"elementor-heading-title elementor-size-default\">Camels<\/h2>\t\t\t\t<\/div>\n\t\t\t\t<\/div>\n\t\t\t\t<\/div>\n\t\t<div class=\"elementor-element elementor-element-6d4e012e e-con-full e-flex e-con e-child\" data-id=\"6d4e012e\" data-element_type=\"container\">\n\t\t\t\t<div class=\"elementor-element elementor-element-3cf9f383 elementor-widget elementor-widget-text-editor\" data-id=\"3cf9f383\" data-element_type=\"widget\" data-widget_type=\"text-editor.default\">\n\t\t\t\t<div class=\"elementor-widget-container\">\n\t\t\t\t\t\t\t\t\t<p>Grupa abstrakcyjnych rze\u017ab z wikliny w lesie Roumare ko\u0142o Rouen. Z\u0142ote formy krocz\u0105ce w\u015br\u00f3d zieleni, wtopione w krajobraz.<\/p>\t\t\t\t\t\t\t\t<\/div>\n\t\t\t\t<\/div>\n\t\t\t\t<div class=\"elementor-element elementor-element-340e6a31 elementor-widget elementor-widget-button\" data-id=\"340e6a31\" data-element_type=\"widget\" data-widget_type=\"button.default\">\n\t\t\t\t<div class=\"elementor-widget-container\">\n\t\t\t\t\t\t\t\t\t<div class=\"elementor-button-wrapper\">\n\t\t\t\t\t<a class=\"elementor-button elementor-button-link elementor-size-sm elementor-animation-float\" href=\"https:\/\/jansajdak.pl\/index.php\/camels\/\">\n\t\t\t\t\t\t<span class=\"elementor-button-content-wrapper\">\n\t\t\t\t\t\t<span class=\"elementor-button-icon\">\n\t\t\t\t<svg xmlns=\"http:\/\/www.w3.org\/2000\/svg\" id=\"e36ffd47-1d77-4f27-ad31-c238e7c661ff\" data-name=\"Layer 1\" width=\"17.3457\" height=\"17.3467\" viewBox=\"0 0 17.3457 17.3467\"><polygon points=\"0 0 0 2.7 12.715 2.7 0.041 15.393 1.951 17.301 14.646 4.587 14.646 17.347 17.346 17.347 17.346 0 0 0\"><\/polygon><\/svg>\t\t\t<\/span>\n\t\t\t\t\t\t\t\t\t<span class=\"elementor-button-text\">Sprawd\u017a<\/span>\n\t\t\t\t\t<\/span>\n\t\t\t\t\t<\/a>\n\t\t\t\t<\/div>\n\t\t\t\t\t\t\t\t<\/div>\n\t\t\t\t<\/div>\n\t\t\t\t<\/div>\n\t\t\t\t<\/div>\n\t\t<div class=\"elementor-element elementor-element-ee739a9 e-con-full e-flex e-con e-parent\" data-id=\"ee739a9\" data-element_type=\"container\" data-settings=\"{&quot;background_background&quot;:&quot;classic&quot;}\">\n\t\t<div class=\"elementor-element elementor-element-72dce8e e-con-full e-flex e-con e-child\" data-id=\"72dce8e\" data-element_type=\"container\">\n\t\t\t\t<div class=\"elementor-element elementor-element-b958a1f elementor-widget elementor-widget-heading\" data-id=\"b958a1f\" data-element_type=\"widget\" data-settings=\"{&quot;motion_fx_motion_fx_scrolling&quot;:&quot;yes&quot;,&quot;motion_fx_translateY_effect&quot;:&quot;yes&quot;,&quot;motion_fx_translateY_direction&quot;:&quot;negative&quot;,&quot;motion_fx_translateY_affectedRange&quot;:{&quot;unit&quot;:&quot;%&quot;,&quot;size&quot;:&quot;&quot;,&quot;sizes&quot;:{&quot;start&quot;:50,&quot;end&quot;:100}},&quot;motion_fx_devices&quot;:[&quot;desktop&quot;,&quot;tablet&quot;],&quot;motion_fx_translateY_speed&quot;:{&quot;unit&quot;:&quot;px&quot;,&quot;size&quot;:4,&quot;sizes&quot;:[]}}\" data-widget_type=\"heading.default\">\n\t\t\t\t<div class=\"elementor-widget-container\">\n\t\t\t\t\t<h2 class=\"elementor-heading-title elementor-size-default\">Kolonia<\/h2>\t\t\t\t<\/div>\n\t\t\t\t<\/div>\n\t\t\t\t<\/div>\n\t\t<div class=\"elementor-element elementor-element-df56b5b e-con-full e-flex e-con e-child\" data-id=\"df56b5b\" data-element_type=\"container\">\n\t\t\t\t<div class=\"elementor-element elementor-element-29e8a76 elementor-widget elementor-widget-text-editor\" data-id=\"29e8a76\" data-element_type=\"widget\" data-widget_type=\"text-editor.default\">\n\t\t\t\t<div class=\"elementor-widget-container\">\n\t\t\t\t\t\t\t\t\t<p>Grupa abstrakcyjnych rze\u017ab z wikliny stoj\u0105cych na osiedlu Sady \u017boliborskie w Warszawie. Inspirowane formami takimi jak owoc maliny, kolba kukurydzy czy plaster miodu.\u00a0<\/p>\t\t\t\t\t\t\t\t<\/div>\n\t\t\t\t<\/div>\n\t\t\t\t<div class=\"elementor-element elementor-element-230dc98 elementor-widget elementor-widget-button\" data-id=\"230dc98\" data-element_type=\"widget\" data-widget_type=\"button.default\">\n\t\t\t\t<div class=\"elementor-widget-container\">\n\t\t\t\t\t\t\t\t\t<div class=\"elementor-button-wrapper\">\n\t\t\t\t\t<a class=\"elementor-button elementor-button-link elementor-size-sm elementor-animation-float\" href=\"https:\/\/jansajdak.pl\/index.php\/kolonia\/\">\n\t\t\t\t\t\t<span class=\"elementor-button-content-wrapper\">\n\t\t\t\t\t\t<span class=\"elementor-button-icon\">\n\t\t\t\t<svg xmlns=\"http:\/\/www.w3.org\/2000\/svg\" id=\"e36ffd47-1d77-4f27-ad31-c238e7c661ff\" data-name=\"Layer 1\" width=\"17.3457\" height=\"17.3467\" viewBox=\"0 0 17.3457 17.3467\"><polygon points=\"0 0 0 2.7 12.715 2.7 0.041 15.393 1.951 17.301 14.646 4.587 14.646 17.347 17.346 17.347 17.346 0 0 0\"><\/polygon><\/svg>\t\t\t<\/span>\n\t\t\t\t\t\t\t\t\t<span class=\"elementor-button-text\">Sprawd\u017a<\/span>\n\t\t\t\t\t<\/span>\n\t\t\t\t\t<\/a>\n\t\t\t\t<\/div>\n\t\t\t\t\t\t\t\t<\/div>\n\t\t\t\t<\/div>\n\t\t\t\t<\/div>\n\t\t\t\t<\/div>\n\t\t<div class=\"elementor-element elementor-element-c64ff7e e-con-full e-flex e-con e-parent\" data-id=\"c64ff7e\" data-element_type=\"container\" data-settings=\"{&quot;background_background&quot;:&quot;classic&quot;}\">\n\t\t<div class=\"elementor-element elementor-element-8e2371f e-con-full e-flex e-con e-child\" data-id=\"8e2371f\" data-element_type=\"container\">\n\t\t\t\t<div class=\"elementor-element elementor-element-b8ad4f0 elementor-widget elementor-widget-heading\" data-id=\"b8ad4f0\" data-element_type=\"widget\" data-settings=\"{&quot;motion_fx_motion_fx_scrolling&quot;:&quot;yes&quot;,&quot;motion_fx_translateY_effect&quot;:&quot;yes&quot;,&quot;motion_fx_translateY_direction&quot;:&quot;negative&quot;,&quot;motion_fx_translateY_affectedRange&quot;:{&quot;unit&quot;:&quot;%&quot;,&quot;size&quot;:&quot;&quot;,&quot;sizes&quot;:{&quot;start&quot;:50,&quot;end&quot;:100}},&quot;motion_fx_devices&quot;:[&quot;desktop&quot;,&quot;tablet&quot;],&quot;motion_fx_translateY_speed&quot;:{&quot;unit&quot;:&quot;px&quot;,&quot;size&quot;:4,&quot;sizes&quot;:[]}}\" data-widget_type=\"heading.default\">\n\t\t\t\t<div class=\"elementor-widget-container\">\n\t\t\t\t\t<h2 class=\"elementor-heading-title elementor-size-default\">Wyprawa na lataj\u0105ce ryby<\/h2>\t\t\t\t<\/div>\n\t\t\t\t<\/div>\n\t\t\t\t<\/div>\n\t\t<div class=\"elementor-element elementor-element-c140c85 e-con-full e-flex e-con e-child\" data-id=\"c140c85\" data-element_type=\"container\">\n\t\t\t\t<div class=\"elementor-element elementor-element-8296166 elementor-widget elementor-widget-text-editor\" data-id=\"8296166\" data-element_type=\"widget\" data-widget_type=\"text-editor.default\">\n\t\t\t\t<div class=\"elementor-widget-container\">\n\t\t\t\t\t\t\t\t\t<p>Grupa abstrakcyjnych rze\u017ab z wikliny stoj\u0105cych na osiedlu Sady \u017boliborskie w Warszawie. Inspirowane formami takimi jak owoc maliny, kolba kukurydzy czy plaster miodu.\u00a0<\/p>\t\t\t\t\t\t\t\t<\/div>\n\t\t\t\t<\/div>\n\t\t\t\t<div class=\"elementor-element elementor-element-9c7bf9b elementor-widget elementor-widget-button\" data-id=\"9c7bf9b\" data-element_type=\"widget\" data-widget_type=\"button.default\">\n\t\t\t\t<div class=\"elementor-widget-container\">\n\t\t\t\t\t\t\t\t\t<div class=\"elementor-button-wrapper\">\n\t\t\t\t\t<a class=\"elementor-button elementor-button-link elementor-size-sm elementor-animation-float\" href=\"https:\/\/jansajdak.pl\/index.php\/kolonia\/\">\n\t\t\t\t\t\t<span class=\"elementor-button-content-wrapper\">\n\t\t\t\t\t\t<span class=\"elementor-button-icon\">\n\t\t\t\t<svg xmlns=\"http:\/\/www.w3.org\/2000\/svg\" id=\"e36ffd47-1d77-4f27-ad31-c238e7c661ff\" data-name=\"Layer 1\" width=\"17.3457\" height=\"17.3467\" viewBox=\"0 0 17.3457 17.3467\"><polygon points=\"0 0 0 2.7 12.715 2.7 0.041 15.393 1.951 17.301 14.646 4.587 14.646 17.347 17.346 17.347 17.346 0 0 0\"><\/polygon><\/svg>\t\t\t<\/span>\n\t\t\t\t\t\t\t\t\t<span class=\"elementor-button-text\">Sprawd\u017a<\/span>\n\t\t\t\t\t<\/span>\n\t\t\t\t\t<\/a>\n\t\t\t\t<\/div>\n\t\t\t\t\t\t\t\t<\/div>\n\t\t\t\t<\/div>\n\t\t\t\t<\/div>\n\t\t\t\t<\/div>\n\t\t\t\t<\/div>\n\t\t","protected":false},"excerpt":{"rendered":"<p>Jan Sajdak Wierzba Twarze lasu Camels Kolonia Na tej stronie prezentuj\u0119 swoje prace. Strona jest w trakcie konstrukcji, wi\u0119c mo\u017cna zobaczy\u0107 tylko kilka spo\u015br\u00f3d moich projekt\u00f3w, z czasem b\u0119d\u0119 j\u0105 rozbudowywa\u0142. Na zdj\u0119ciu &#8222;Wyprawa na lataj\u0105ce ryby&#8221; z 2024 roku, kompozycja w przestrzeni parkowej Centrum Rze\u017aby Polskiej w Oro\u0144sku. Wierzba Wierzbowa \u015awi\u0105tynia. Kolejne \u017cycie starego [&hellip;]<\/p>\n","protected":false},"author":1,"featured_media":214,"parent":0,"menu_order":0,"comment_status":"closed","ping_status":"closed","template":"elementor_header_footer","meta":{"footnotes":""},"class_list":["post-159","page","type-page","status-publish","has-post-thumbnail","hentry"],"_links":{"self":[{"href":"https:\/\/jansajdak.pl\/index.php\/wp-json\/wp\/v2\/pages\/159","targetHints":{"allow":["GET"]}}],"collection":[{"href":"https:\/\/jansajdak.pl\/index.php\/wp-json\/wp\/v2\/pages"}],"about":[{"href":"https:\/\/jansajdak.pl\/index.php\/wp-json\/wp\/v2\/types\/page"}],"author":[{"embeddable":true,"href":"https:\/\/jansajdak.pl\/index.php\/wp-json\/wp\/v2\/users\/1"}],"replies":[{"embeddable":true,"href":"https:\/\/jansajdak.pl\/index.php\/wp-json\/wp\/v2\/comments?post=159"}],"version-history":[{"count":68,"href":"https:\/\/jansajdak.pl\/index.php\/wp-json\/wp\/v2\/pages\/159\/revisions"}],"predecessor-version":[{"id":445,"href":"https:\/\/jansajdak.pl\/index.php\/wp-json\/wp\/v2\/pages\/159\/revisions\/445"}],"wp:featuredmedia":[{"embeddable":true,"href":"https:\/\/jansajdak.pl\/index.php\/wp-json\/wp\/v2\/media\/214"}],"wp:attachment":[{"href":"https:\/\/jansajdak.pl\/index.php\/wp-json\/wp\/v2\/media?parent=159"}],"curies":[{"name":"wp","href":"https:\/\/api.w.org\/{rel}","templated":true}]}}