{"id":143,"date":"2025-10-23T14:16:26","date_gmt":"2025-10-23T12:16:26","guid":{"rendered":"https:\/\/jansajdak.pl\/index.php\/air\/"},"modified":"2025-12-30T17:00:09","modified_gmt":"2025-12-30T16:00:09","slug":"wierzba","status":"publish","type":"page","link":"https:\/\/jansajdak.pl\/index.php\/wierzba\/","title":{"rendered":"Wierzba"},"content":{"rendered":"\t\t<div data-elementor-type=\"wp-page\" data-elementor-id=\"143\" class=\"elementor elementor-143\" data-elementor-post-type=\"page\">\n\t\t\t\t<div class=\"elementor-element elementor-element-69c6e899 e-con-full e-flex e-con e-parent\" data-id=\"69c6e899\" data-element_type=\"container\">\n\t\t<div class=\"elementor-element elementor-element-34af355d e-con-full e-flex e-con e-child\" data-id=\"34af355d\" data-element_type=\"container\" data-settings=\"{&quot;background_background&quot;:&quot;classic&quot;}\">\n\t\t<div class=\"elementor-element elementor-element-7c8be067 e-con-full e-flex e-con e-child\" data-id=\"7c8be067\" data-element_type=\"container\">\n\t\t\t\t<div class=\"elementor-element elementor-element-3d642e24 elementor-invisible elementor-widget elementor-widget-heading\" data-id=\"3d642e24\" data-element_type=\"widget\" data-settings=\"{&quot;_animation&quot;:&quot;slideInDown&quot;}\" data-widget_type=\"heading.default\">\n\t\t\t\t<div class=\"elementor-widget-container\">\n\t\t\t\t\t<h1 class=\"elementor-heading-title elementor-size-default\">Wierzba<\/h1>\t\t\t\t<\/div>\n\t\t\t\t<\/div>\n\t\t\t\t<div class=\"elementor-element elementor-element-428cfafa elementor-widget elementor-widget-text-editor\" data-id=\"428cfafa\" data-element_type=\"widget\" data-widget_type=\"text-editor.default\">\n\t\t\t\t<div class=\"elementor-widget-container\">\n\t\t\t\t\t\t\t\t\t<p><span style=\"font-family: Times New Roman, serif;\">Rze\u017aba, kt\u00f3r\u0105 stworzy\u0142em w tym roku, jest kolejnym etapem rozwijaj\u0105cej si\u0119 przez lata historii. Bez podglebia w postaci kolejnych, nawarstwiaj\u0105cych si\u0119 interakcji cz\u0142owieka z natur\u0105 w konkretnym zak\u0105tku parku Fosa i Stoki Cytadeli na \u017boliborzu w Warszawie, jej powstanie nie by\u0142oby mo\u017cliwe. W 2018 roku stworzy\u0142em na wymiar i wstawi\u0142em kolorowe witra\u017ce w dziuple wypr\u00f3chnia\u0142ej w \u015brodku, wielkiej wierzby rosn\u0105cej w Parku. Chcia\u0142em zwr\u00f3ci\u0107 uwag\u0119 na niezwyk\u0142\u0105 warto\u015b\u0107 tego drzewa. Powsta\u0142a Wierzbowa \u015awi\u0105tynia, miejsce kontemplacji, kt\u00f3re zyska\u0142o sympati\u0119 okolicznych mieszka\u0144c\u00f3w.\u00a0<\/span><\/p>\t\t\t\t\t\t\t\t<\/div>\n\t\t\t\t<\/div>\n\t\t\t\t<\/div>\n\t\t\t\t<\/div>\n\t\t<div class=\"elementor-element elementor-element-479f64f6 e-con-full e-flex e-con e-child\" data-id=\"479f64f6\" data-element_type=\"container\" data-settings=\"{&quot;background_background&quot;:&quot;classic&quot;}\">\n\t\t\t\t<div class=\"elementor-element elementor-element-5eb76f5 elementor-view-framed elementor-widget__width-inherit elementor-shape-circle elementor-widget elementor-widget-icon\" data-id=\"5eb76f5\" data-element_type=\"widget\" data-widget_type=\"icon.default\">\n\t\t\t\t<div class=\"elementor-widget-container\">\n\t\t\t\t\t\t\t<div class=\"elementor-icon-wrapper\">\n\t\t\t<a class=\"elementor-icon elementor-animation-shrink\" href=\"#next\">\n\t\t\t<svg xmlns=\"http:\/\/www.w3.org\/2000\/svg\" id=\"afa01258-5fdc-4e2a-84c3-52c21a777b3e\" data-name=\"Layer 1\" width=\"9.1074\" height=\"16.0991\" viewBox=\"0 0 9.1074 16.0991\"><polygon points=\"8.188 10.626 5.191 13.624 5.191 0 3.891 0 3.891 13.599 0.919 10.626 0 11.546 4.554 16.099 9.107 11.546 8.188 10.626\"><\/polygon><\/svg>\t\t\t<\/a>\n\t\t<\/div>\n\t\t\t\t\t\t<\/div>\n\t\t\t\t<\/div>\n\t\t\t\t<\/div>\n\t\t\t\t<\/div>\n\t\t<div class=\"elementor-element elementor-element-70e50bd e-con-full e-flex e-con e-parent\" data-id=\"70e50bd\" data-element_type=\"container\" id=\"next\" data-settings=\"{&quot;background_background&quot;:&quot;classic&quot;}\">\n\t\t\t\t<\/div>\n\t\t<div class=\"elementor-element elementor-element-36e64248 e-con-full e-flex e-con e-parent\" data-id=\"36e64248\" data-element_type=\"container\">\n\t\t<div class=\"elementor-element elementor-element-548c6f54 e-con-full e-flex e-con e-child\" data-id=\"548c6f54\" data-element_type=\"container\" data-settings=\"{&quot;background_background&quot;:&quot;classic&quot;}\">\n\t\t\t\t<div class=\"elementor-element elementor-element-5e38e76d elementor-widget__width-initial elementor-widget-mobile__width-inherit elementor-invisible elementor-widget elementor-widget-icon-box\" data-id=\"5e38e76d\" data-element_type=\"widget\" data-settings=\"{&quot;_animation&quot;:&quot;fadeIn&quot;}\" data-widget_type=\"icon-box.default\">\n\t\t\t\t<div class=\"elementor-widget-container\">\n\t\t\t\t\t\t\t<div class=\"elementor-icon-box-wrapper\">\n\n\t\t\t\n\t\t\t\t\t\t<div class=\"elementor-icon-box-content\">\n\n\t\t\t\t\t\t\t\t\t<h3 class=\"elementor-icon-box-title\">\n\t\t\t\t\t\t<span  >\n\t\t\t\t\t\t\t2025\t\t\t\t\t\t<\/span>\n\t\t\t\t\t<\/h3>\n\t\t\t\t\n\t\t\t\t\t\t\t\t\t<p class=\"elementor-icon-box-description\">\n\t\t\t\t\t\tPie\u0144 ju\u017c w 2018 roku by\u0142 w wi\u0119kszo\u015bci martwy i nieustannie pr\u00f3chnia\u0142 dalej, zniekszta\u0142ca\u0142 si\u0119 i rozpada\u0142 przez lata. Tylko niewielki, przecz\u0105cy grawitacji fragment drzewa pozosta\u0142 \u017cywy \u2013 cienki, wst\u0119gowaty pas kory o wysoko\u015bci oko\u0142o 4 metr\u00f3w i bujnej, zielonej koronie na szczycie. Podpar\u0142em ten fragment stalow\u0105 konstrukcj\u0105, chroni\u0105c\u0105 przed z\u0142amaniem. Wok\u00f3\u0142 zbudowa\u0142em rze\u017ab\u0119, inspirowan\u0105 kszta\u0142tem starej wierzby sprzed lat, wkomponowuj\u0105c w now\u0105 form\u0119 ten ostatni \u017cywy fragment drzewa. Forma skr\u0119ca si\u0119 spiralnie jak p\u0142omie\u0144, tak skr\u0119ca\u0142o si\u0119 te\u017c stare drzewo. Zbudowa\u0142em j\u0105 z setek ga\u0142\u0119zi skr\u0119conych ze sob\u0105 nawzajem, By\u0142o to niczym wielomiesi\u0119czne uk\u0142adanie gigantycznych puzzli, patyk do patyka, szukaj\u0105c tych pasuj\u0105cych do siebie, by stworzy\u0107 odpowiedni taniec linii.\t\t\t\t\t<\/p>\n\t\t\t\t\n\t\t\t<\/div>\n\t\t\t\n\t\t<\/div>\n\t\t\t\t\t\t<\/div>\n\t\t\t\t<\/div>\n\t\t\t\t<\/div>\n\t\t<div class=\"elementor-element elementor-element-209cd077 e-con-full e-flex e-con e-child\" data-id=\"209cd077\" data-element_type=\"container\">\n\t\t<div class=\"elementor-element elementor-element-31616257 e-con-full e-flex e-con e-child\" data-id=\"31616257\" data-element_type=\"container\" data-settings=\"{&quot;background_background&quot;:&quot;classic&quot;}\">\n\t\t\t\t<\/div>\n\t\t<div class=\"elementor-element elementor-element-1d643a7f e-con-full e-flex e-con e-child\" data-id=\"1d643a7f\" data-element_type=\"container\" data-settings=\"{&quot;background_background&quot;:&quot;classic&quot;}\">\n\t\t\t\t<\/div>\n\t\t\t\t<\/div>\n\t\t\t\t<\/div>\n\t\t<div class=\"elementor-element elementor-element-73f6b739 e-con-full e-flex e-con e-parent\" data-id=\"73f6b739\" data-element_type=\"container\" data-settings=\"{&quot;background_background&quot;:&quot;classic&quot;}\">\n\t\t\t\t<\/div>\n\t\t<div class=\"elementor-element elementor-element-54fb8f83 e-con-full e-flex e-con e-parent\" data-id=\"54fb8f83\" data-element_type=\"container\">\n\t\t<div class=\"elementor-element elementor-element-b5d053c e-con-full e-flex e-con e-child\" data-id=\"b5d053c\" data-element_type=\"container\" data-settings=\"{&quot;background_background&quot;:&quot;classic&quot;}\">\n\t\t\t\t<div class=\"elementor-element elementor-element-7994fd5c elementor-widget__width-initial elementor-widget-mobile__width-inherit elementor-invisible elementor-widget elementor-widget-icon-box\" data-id=\"7994fd5c\" data-element_type=\"widget\" data-settings=\"{&quot;_animation&quot;:&quot;fadeIn&quot;}\" data-widget_type=\"icon-box.default\">\n\t\t\t\t<div class=\"elementor-widget-container\">\n\t\t\t\t\t\t\t<div class=\"elementor-icon-box-wrapper\">\n\n\t\t\t\n\t\t\t\t\t\t<div class=\"elementor-icon-box-content\">\n\n\t\t\t\t\t\t\t\t\t<h3 class=\"elementor-icon-box-title\">\n\t\t\t\t\t\t<span  >\n\t\t\t\t\t\t\tWewn\u0105trz\t\t\t\t\t\t<\/span>\n\t\t\t\t\t<\/h3>\n\t\t\t\t\n\t\t\t\t\t\t\t\t\t<p class=\"elementor-icon-box-description\">\n\t\t\t\t\t\tDo \u015brodka Wierzby mo\u017cna wej\u015b\u0107, by kontemplowa\u0107 ta\u0144cz\u0105ce w \u015brodku kolory\t\t\t\t\t<\/p>\n\t\t\t\t\n\t\t\t<\/div>\n\t\t\t\n\t\t<\/div>\n\t\t\t\t\t\t<\/div>\n\t\t\t\t<\/div>\n\t\t\t\t<\/div>\n\t\t<div class=\"elementor-element elementor-element-4bb08b0a e-con-full e-flex e-con e-child\" data-id=\"4bb08b0a\" data-element_type=\"container\" data-settings=\"{&quot;background_background&quot;:&quot;classic&quot;}\">\n\t\t\t\t<\/div>\n\t\t\t\t<\/div>\n\t\t<div class=\"elementor-element elementor-element-0193e4c e-flex e-con-boxed e-con e-parent\" data-id=\"0193e4c\" data-element_type=\"container\" data-settings=\"{&quot;background_background&quot;:&quot;classic&quot;}\">\n\t\t\t\t\t<div class=\"e-con-inner\">\n\t\t<div class=\"elementor-element elementor-element-5ea7915 e-con-full e-flex e-con e-child\" data-id=\"5ea7915\" data-element_type=\"container\">\n\t\t\t\t<\/div>\n\t\t<div class=\"elementor-element elementor-element-9476339 e-con-full e-flex e-con e-child\" data-id=\"9476339\" data-element_type=\"container\" data-settings=\"{&quot;background_background&quot;:&quot;classic&quot;}\">\n\t\t<div class=\"elementor-element elementor-element-a05862d e-con-full e-flex e-con e-child\" data-id=\"a05862d\" data-element_type=\"container\" data-settings=\"{&quot;background_background&quot;:&quot;classic&quot;}\">\n\t\t\t\t<div class=\"elementor-element elementor-element-8a3c948 elementor-widget elementor-widget-image\" data-id=\"8a3c948\" data-element_type=\"widget\" data-widget_type=\"image.default\">\n\t\t\t\t<div class=\"elementor-widget-container\">\n\t\t\t\t\t\t\t\t\t\t\t\t\t\t\t<img fetchpriority=\"high\" decoding=\"async\" width=\"1024\" height=\"378\" src=\"https:\/\/jansajdak.pl\/wp-content\/uploads\/2025\/10\/logo-dla-niepodleglej-2025-1024x378.png\" class=\"attachment-large size-large wp-image-304\" alt=\"\" srcset=\"https:\/\/jansajdak.pl\/wp-content\/uploads\/2025\/10\/logo-dla-niepodleglej-2025-1024x378.png 1024w, https:\/\/jansajdak.pl\/wp-content\/uploads\/2025\/10\/logo-dla-niepodleglej-2025-300x111.png 300w, https:\/\/jansajdak.pl\/wp-content\/uploads\/2025\/10\/logo-dla-niepodleglej-2025-768x283.png 768w, https:\/\/jansajdak.pl\/wp-content\/uploads\/2025\/10\/logo-dla-niepodleglej-2025-1536x567.png 1536w, https:\/\/jansajdak.pl\/wp-content\/uploads\/2025\/10\/logo-dla-niepodleglej-2025-2048x755.png 2048w\" sizes=\"(max-width: 1024px) 100vw, 1024px\" \/>\t\t\t\t\t\t\t\t\t\t\t\t\t\t\t<\/div>\n\t\t\t\t<\/div>\n\t\t\t\t<\/div>\n\t\t<div class=\"elementor-element elementor-element-5df2d4d e-con-full e-flex e-con e-child\" data-id=\"5df2d4d\" data-element_type=\"container\">\n\t\t\t\t<div class=\"elementor-element elementor-element-e7a618f elementor-widget elementor-widget-text-editor\" data-id=\"e7a618f\" data-element_type=\"widget\" data-widget_type=\"text-editor.default\">\n\t\t\t\t<div class=\"elementor-widget-container\">\n\t\t\t\t\t\t\t\t\t<p>Realizacja projektu by\u0142a mo\u017cliwa dzi\u0119ki dotacji z programu w\u0142asnego Centrum Rze\u017aby Polskiej w Oro\u0144sku pn. Rze\u017aba w przestrzeni publicznej dla Niepodleg\u0142ej \u2013 2025, dofinansowanego ze \u015brodk\u00f3w Ministra Kultury i Dziedzictwa Narodowego. Moim partnerem w realizacji projektu by\u0142a MA Fundacja, prowadz\u0105ca oddolne lokalne centrum kultury Pandymi\u0144ska. Realizacja nie by\u0142aby mo\u017cliwa bez wsparcia ze strony Zarz\u0105du Zieleni Warszawy, administratora terenu.<\/p>\t\t\t\t\t\t\t\t<\/div>\n\t\t\t\t<\/div>\n\t\t\t\t<\/div>\n\t\t\t\t<\/div>\n\t\t\t\t\t<\/div>\n\t\t\t\t<\/div>\n\t\t\t\t<\/div>\n\t\t","protected":false},"excerpt":{"rendered":"<p>Wierzba Rze\u017aba, kt\u00f3r\u0105 stworzy\u0142em w tym roku, jest kolejnym etapem rozwijaj\u0105cej si\u0119 przez lata historii. Bez podglebia w postaci kolejnych, nawarstwiaj\u0105cych si\u0119 interakcji cz\u0142owieka z natur\u0105 w konkretnym zak\u0105tku parku Fosa i Stoki Cytadeli na \u017boliborzu w Warszawie, jej powstanie nie by\u0142oby mo\u017cliwe. W 2018 roku stworzy\u0142em na wymiar i wstawi\u0142em kolorowe witra\u017ce w dziuple [&hellip;]<\/p>\n","protected":false},"author":1,"featured_media":208,"parent":0,"menu_order":0,"comment_status":"closed","ping_status":"closed","template":"elementor_header_footer","meta":{"footnotes":""},"class_list":["post-143","page","type-page","status-publish","has-post-thumbnail","hentry"],"_links":{"self":[{"href":"https:\/\/jansajdak.pl\/index.php\/wp-json\/wp\/v2\/pages\/143","targetHints":{"allow":["GET"]}}],"collection":[{"href":"https:\/\/jansajdak.pl\/index.php\/wp-json\/wp\/v2\/pages"}],"about":[{"href":"https:\/\/jansajdak.pl\/index.php\/wp-json\/wp\/v2\/types\/page"}],"author":[{"embeddable":true,"href":"https:\/\/jansajdak.pl\/index.php\/wp-json\/wp\/v2\/users\/1"}],"replies":[{"embeddable":true,"href":"https:\/\/jansajdak.pl\/index.php\/wp-json\/wp\/v2\/comments?post=143"}],"version-history":[{"count":29,"href":"https:\/\/jansajdak.pl\/index.php\/wp-json\/wp\/v2\/pages\/143\/revisions"}],"predecessor-version":[{"id":418,"href":"https:\/\/jansajdak.pl\/index.php\/wp-json\/wp\/v2\/pages\/143\/revisions\/418"}],"wp:featuredmedia":[{"embeddable":true,"href":"https:\/\/jansajdak.pl\/index.php\/wp-json\/wp\/v2\/media\/208"}],"wp:attachment":[{"href":"https:\/\/jansajdak.pl\/index.php\/wp-json\/wp\/v2\/media?parent=143"}],"curies":[{"name":"wp","href":"https:\/\/api.w.org\/{rel}","templated":true}]}}