{"id":132,"date":"2025-10-23T14:16:23","date_gmt":"2025-10-23T12:16:23","guid":{"rendered":"https:\/\/jansajdak.pl\/index.php\/earth\/"},"modified":"2025-10-25T09:27:14","modified_gmt":"2025-10-25T07:27:14","slug":"camels","status":"publish","type":"page","link":"https:\/\/jansajdak.pl\/index.php\/camels\/","title":{"rendered":"Camels"},"content":{"rendered":"\t\t<div data-elementor-type=\"wp-page\" data-elementor-id=\"132\" class=\"elementor elementor-132\" data-elementor-post-type=\"page\">\n\t\t\t\t<div class=\"elementor-element elementor-element-c8aaed e-con-full e-flex e-con e-parent\" data-id=\"c8aaed\" data-element_type=\"container\">\n\t\t<div class=\"elementor-element elementor-element-5f979a52 e-con-full e-flex e-con e-child\" data-id=\"5f979a52\" data-element_type=\"container\" data-settings=\"{&quot;background_background&quot;:&quot;classic&quot;}\">\n\t\t<div class=\"elementor-element elementor-element-64e39aed e-con-full e-flex e-con e-child\" data-id=\"64e39aed\" data-element_type=\"container\">\n\t\t\t\t<div class=\"elementor-element elementor-element-442170dc elementor-invisible elementor-widget elementor-widget-heading\" data-id=\"442170dc\" data-element_type=\"widget\" data-settings=\"{&quot;_animation&quot;:&quot;slideInDown&quot;}\" data-widget_type=\"heading.default\">\n\t\t\t\t<div class=\"elementor-widget-container\">\n\t\t\t\t\t<h1 class=\"elementor-heading-title elementor-size-default\">Camels<\/h1>\t\t\t\t<\/div>\n\t\t\t\t<\/div>\n\t\t\t\t<div class=\"elementor-element elementor-element-7995b67b elementor-widget elementor-widget-text-editor\" data-id=\"7995b67b\" data-element_type=\"widget\" data-widget_type=\"text-editor.default\">\n\t\t\t\t<div class=\"elementor-widget-container\">\n\t\t\t\t\t\t\t\t\t<p>oto zdj\u0119cia moich Wielb\u0142\u0105d\u00f3w, grupy rze\u017ab, kt\u00f3re w latach 2024 \u2013 2026 mo\u017cna ogl\u0105da\u0107 w lesie Roumare nieopodal Rouen we Francji, w ramach 2 edycji wystawy landartu \u201eForet Monumentale\u201d. Wystawa jest czynna ca\u0142\u0105 dob\u0119, spacer po lesie jest bardzo przyjemny.<\/p><p>Moje wielb\u0142\u0105dy nie s\u0105 realistycznym przedstawieniem zwierz\u0119cia, to raczej abstrakcyjna zabawa z rozszerzaj\u0105c\u0105 si\u0119 i zaw\u0119\u017caj\u0105c\u0105 form\u0105. S\u0105 to formy, z kt\u00f3rymi eksperymentuj\u0119 ju\u017c dobre kilka lat i wiele jeszcze pomys\u0142\u00f3w chodzi mi po g\u0142owie.<\/p>\t\t\t\t\t\t\t\t<\/div>\n\t\t\t\t<\/div>\n\t\t\t\t<\/div>\n\t\t\t\t<\/div>\n\t\t<div class=\"elementor-element elementor-element-2861019f e-con-full e-flex e-con e-child\" data-id=\"2861019f\" data-element_type=\"container\" data-settings=\"{&quot;background_background&quot;:&quot;classic&quot;}\">\n\t\t\t\t<div class=\"elementor-element elementor-element-739e70ea elementor-view-framed elementor-widget__width-inherit elementor-shape-circle elementor-widget elementor-widget-icon\" data-id=\"739e70ea\" data-element_type=\"widget\" data-widget_type=\"icon.default\">\n\t\t\t\t<div class=\"elementor-widget-container\">\n\t\t\t\t\t\t\t<div class=\"elementor-icon-wrapper\">\n\t\t\t<a class=\"elementor-icon elementor-animation-shrink\" href=\"#next\">\n\t\t\t<svg xmlns=\"http:\/\/www.w3.org\/2000\/svg\" id=\"afa01258-5fdc-4e2a-84c3-52c21a777b3e\" data-name=\"Layer 1\" width=\"9.1074\" height=\"16.0991\" viewBox=\"0 0 9.1074 16.0991\"><polygon points=\"8.188 10.626 5.191 13.624 5.191 0 3.891 0 3.891 13.599 0.919 10.626 0 11.546 4.554 16.099 9.107 11.546 8.188 10.626\"><\/polygon><\/svg>\t\t\t<\/a>\n\t\t<\/div>\n\t\t\t\t\t\t<\/div>\n\t\t\t\t<\/div>\n\t\t\t\t<\/div>\n\t\t\t\t<\/div>\n\t\t<div class=\"elementor-element elementor-element-16f9cb97 e-con-full e-flex e-con e-parent\" data-id=\"16f9cb97\" data-element_type=\"container\" id=\"next\" data-settings=\"{&quot;background_background&quot;:&quot;classic&quot;}\">\n\t\t\t\t<\/div>\n\t\t<div class=\"elementor-element elementor-element-5e401bb7 e-con-full e-flex e-con e-parent\" data-id=\"5e401bb7\" data-element_type=\"container\">\n\t\t<div class=\"elementor-element elementor-element-676a61d9 e-con-full e-flex e-con e-child\" data-id=\"676a61d9\" data-element_type=\"container\" data-settings=\"{&quot;background_background&quot;:&quot;classic&quot;}\">\n\t\t\t\t<\/div>\n\t\t<div class=\"elementor-element elementor-element-35b89af7 e-con-full e-flex e-con e-child\" data-id=\"35b89af7\" data-element_type=\"container\" data-settings=\"{&quot;background_background&quot;:&quot;classic&quot;}\">\n\t\t\t\t<div class=\"elementor-element elementor-element-55293e84 elementor-widget__width-initial elementor-widget-mobile__width-inherit elementor-invisible elementor-widget elementor-widget-icon-box\" data-id=\"55293e84\" data-element_type=\"widget\" data-settings=\"{&quot;_animation&quot;:&quot;fadeIn&quot;}\" data-widget_type=\"icon-box.default\">\n\t\t\t\t<div class=\"elementor-widget-container\">\n\t\t\t\t\t\t\t<div class=\"elementor-icon-box-wrapper\">\n\n\t\t\t\n\t\t\t\t\t\t<div class=\"elementor-icon-box-content\">\n\n\t\t\t\t\t\t\t\t\t<h3 class=\"elementor-icon-box-title\">\n\t\t\t\t\t\t<span  >\n\t\t\t\t\t\t\tLas Roumare\t\t\t\t\t\t<\/span>\n\t\t\t\t\t<\/h3>\n\t\t\t\t\n\t\t\t\t\t\t\t\t\t<p class=\"elementor-icon-box-description\">\n\t\t\t\t\t\tRze\u017aby projektowa\u0142em do tego konkretnego miejsca w lesie, gdzie roz\u0142o\u017cyste, okaza\u0142e d\u0119by stoj\u0105 w pewnej odleg\u0142o\u015bci od siebie, przepuszczaj\u0105c przez korony sporo \u015bwiat\u0142a, dzi\u0119ki czemu dno lasu jest soczy\u015bcie zielone, bujnie poros\u0142e paprociami. Z\u0142oto korowanej wikliny pasowa\u0142o mi do tej zieleni. Chcia\u0142em wkomponowa\u0107 si\u0119 w ten zastany krajobraz co\u015b, co podkre\u015bli jego wyj\u0105tkowe pi\u0119kno. Krocz\u0105ce, czy te\u017c lewituj\u0105ce w\u015br\u00f3d zieleni duchy, kt\u00f3rych widok sprawi, \u017ce przechodzie\u0144 zastanowi si\u0119 nad pi\u0119knem tego fragmentu lasu. \t\t\t\t\t<\/p>\n\t\t\t\t\n\t\t\t<\/div>\n\t\t\t\n\t\t<\/div>\n\t\t\t\t\t\t<\/div>\n\t\t\t\t<\/div>\n\t\t\t\t<\/div>\n\t\t\t\t<\/div>\n\t\t<div class=\"elementor-element elementor-element-3e159f95 e-con-full e-flex e-con e-parent\" data-id=\"3e159f95\" data-element_type=\"container\" data-settings=\"{&quot;background_background&quot;:&quot;classic&quot;}\">\n\t\t\t\t<div class=\"elementor-element elementor-element-87bbcb elementor-widget__width-initial elementor-widget-mobile__width-inherit elementor-invisible elementor-widget elementor-widget-icon-box\" data-id=\"87bbcb\" data-element_type=\"widget\" data-settings=\"{&quot;_animation&quot;:&quot;fadeIn&quot;}\" data-widget_type=\"icon-box.default\">\n\t\t\t\t<div class=\"elementor-widget-container\">\n\t\t\t\t\t\t\t<div class=\"elementor-icon-box-wrapper\">\n\n\t\t\t\n\t\t\t\t\t\t<div class=\"elementor-icon-box-content\">\n\n\t\t\t\t\n\t\t\t\t\t\t\t\t\t<p class=\"elementor-icon-box-description\">\n\t\t\t\t\t\tSpecjalnie postawi\u0142em rze\u017aby w pewnej odleg\u0142o\u015bci od le\u015bnej \u015bcie\u017cki, by zwiedzaj\u0105cy las ludzie ogl\u0105dali je nie z bliska, w detalu, ale jako element krajobrazu, nierozerwalnie po\u0142\u0105czony z otaczaj\u0105cym lasem. To wkomponowanie moich rze\u017ab we wspania\u0142\u0105 przestrze\u0144, w kt\u00f3rej przysz\u0142o mi pracowa\u0107, a nie rze\u017aby same w sobie, mnie tu najbardziej interesowa\u0142o. \nSpo\u015br\u00f3d 13 prac zainstalowanych w lesie, 9 zosta\u0142o wybranych w trwaj\u0105cym oko\u0142o roku konkursie spo\u015br\u00f3d ponad 320 zg\u0142osze\u0144 z ca\u0142ego \u015bwiata. Pr\u00f3cz moich wielb\u0142\u0105d\u00f3w by\u0142o to jeszcze wspania\u0142e stado drewnianych dzik\u00f3w autorstwa Ewy D\u0105browskiej.\t\t\t\t\t<\/p>\n\t\t\t\t\n\t\t\t<\/div>\n\t\t\t\n\t\t<\/div>\n\t\t\t\t\t\t<\/div>\n\t\t\t\t<\/div>\n\t\t\t\t<\/div>\n\t\t<div class=\"elementor-element elementor-element-566cc845 e-con-full e-flex e-con e-parent\" data-id=\"566cc845\" data-element_type=\"container\">\n\t\t<div class=\"elementor-element elementor-element-328721b7 e-con-full e-flex e-con e-child\" data-id=\"328721b7\" data-element_type=\"container\" data-settings=\"{&quot;background_background&quot;:&quot;classic&quot;}\">\n\t\t\t\t<\/div>\n\t\t<div class=\"elementor-element elementor-element-68e4e1a0 e-con-full e-flex e-con e-child\" data-id=\"68e4e1a0\" data-element_type=\"container\" data-settings=\"{&quot;background_background&quot;:&quot;classic&quot;}\">\n\t\t\t\t<\/div>\n\t\t\t\t<\/div>\n\t\t\t\t<\/div>\n\t\t","protected":false},"excerpt":{"rendered":"<p>Camels oto zdj\u0119cia moich Wielb\u0142\u0105d\u00f3w, grupy rze\u017ab, kt\u00f3re w latach 2024 \u2013 2026 mo\u017cna ogl\u0105da\u0107 w lesie Roumare nieopodal Rouen we Francji, w ramach 2 edycji wystawy landartu \u201eForet Monumentale\u201d. Wystawa jest czynna ca\u0142\u0105 dob\u0119, spacer po lesie jest bardzo przyjemny. Moje wielb\u0142\u0105dy nie s\u0105 realistycznym przedstawieniem zwierz\u0119cia, to raczej abstrakcyjna zabawa z rozszerzaj\u0105c\u0105 si\u0119 [&hellip;]<\/p>\n","protected":false},"author":1,"featured_media":217,"parent":0,"menu_order":0,"comment_status":"closed","ping_status":"closed","template":"elementor_header_footer","meta":{"footnotes":""},"class_list":["post-132","page","type-page","status-publish","has-post-thumbnail","hentry"],"_links":{"self":[{"href":"https:\/\/jansajdak.pl\/index.php\/wp-json\/wp\/v2\/pages\/132","targetHints":{"allow":["GET"]}}],"collection":[{"href":"https:\/\/jansajdak.pl\/index.php\/wp-json\/wp\/v2\/pages"}],"about":[{"href":"https:\/\/jansajdak.pl\/index.php\/wp-json\/wp\/v2\/types\/page"}],"author":[{"embeddable":true,"href":"https:\/\/jansajdak.pl\/index.php\/wp-json\/wp\/v2\/users\/1"}],"replies":[{"embeddable":true,"href":"https:\/\/jansajdak.pl\/index.php\/wp-json\/wp\/v2\/comments?post=132"}],"version-history":[{"count":8,"href":"https:\/\/jansajdak.pl\/index.php\/wp-json\/wp\/v2\/pages\/132\/revisions"}],"predecessor-version":[{"id":342,"href":"https:\/\/jansajdak.pl\/index.php\/wp-json\/wp\/v2\/pages\/132\/revisions\/342"}],"wp:featuredmedia":[{"embeddable":true,"href":"https:\/\/jansajdak.pl\/index.php\/wp-json\/wp\/v2\/media\/217"}],"wp:attachment":[{"href":"https:\/\/jansajdak.pl\/index.php\/wp-json\/wp\/v2\/media?parent=132"}],"curies":[{"name":"wp","href":"https:\/\/api.w.org\/{rel}","templated":true}]}}